{"id":2058,"date":"2024-05-31T15:27:08","date_gmt":"2024-05-31T19:27:08","guid":{"rendered":"https:\/\/koreoutdoor.com\/forced-labour-in-canadian-supply-chains-bill-s-211\/"},"modified":"2024-05-31T15:48:08","modified_gmt":"2024-05-31T19:48:08","slug":"forced-labour-in-canadian-supply-chains-bill-s-211","status":"publish","type":"page","link":"http:\/\/3.21.32.42\/fr\/forced-labour-in-canadian-supply-chains-bill-s-211\/","title":{"rendered":"Travail forc\u00e9 dans les cha\u00eenes d&#8217;approvisionnement canadiennes (projet de loi S-211)"},"content":{"rendered":"[vc_row type=&#8221;in_container&#8221; full_screen_row_position=&#8221;middle&#8221; column_margin=&#8221;default&#8221; column_direction=&#8221;default&#8221; column_direction_tablet=&#8221;default&#8221; column_direction_phone=&#8221;default&#8221; scene_position=&#8221;center&#8221; text_color=&#8221;dark&#8221; text_align=&#8221;left&#8221; row_border_radius=&#8221;none&#8221; row_border_radius_applies=&#8221;bg&#8221; overflow=&#8221;visible&#8221; overlay_strength=&#8221;0.3&#8243; gradient_direction=&#8221;left_to_right&#8221; shape_divider_position=&#8221;bottom&#8221; bg_image_animation=&#8221;none&#8221;][vc_column column_padding=&#8221;no-extra-padding&#8221; column_padding_tablet=&#8221;inherit&#8221; column_padding_phone=&#8221;inherit&#8221; column_padding_position=&#8221;all&#8221; column_element_direction_desktop=&#8221;default&#8221; column_element_spacing=&#8221;default&#8221; desktop_text_alignment=&#8221;default&#8221; tablet_text_alignment=&#8221;default&#8221; phone_text_alignment=&#8221;default&#8221; background_color_opacity=&#8221;1&#8243; background_hover_color_opacity=&#8221;1&#8243; column_backdrop_filter=&#8221;none&#8221; column_shadow=&#8221;none&#8221; column_border_radius=&#8221;none&#8221; column_link_target=&#8221;_self&#8221; column_position=&#8221;default&#8221; gradient_direction=&#8221;left_to_right&#8221; overlay_strength=&#8221;0.3&#8243; width=&#8221;1\/1&#8243; tablet_width_inherit=&#8221;default&#8221; animation_type=&#8221;default&#8221; bg_image_animation=&#8221;none&#8221; border_type=&#8221;simple&#8221; column_border_width=&#8221;none&#8221; column_border_style=&#8221;solid&#8221;][vc_column_text text_direction=&#8221;default&#8221;]\n<div data-wp-interactive=\"core\/file\" class=\"wp-block-file\"><object data-wp-bind--hidden=\"!state.hasPdfPreview\" hidden class=\"wp-block-file__embed\" data=\"https:\/\/koreoutdoor.com\/wp-content\/uploads\/2024\/05\/Rapport-2023-signe.pdf\" type=\"application\/pdf\" style=\"width:100%;height:820px\" aria-label=\"Contenu embarqu\u00e9 Travail forc\u00e9 dans les cha\u00eenes d&apos;approvisionnement canadiennes (projet de loi S-211) - Rapport annuel 2023.\"><\/object><a id=\"wp-block-file--media-113c207a-279e-4da8-abfa-5ebe9351dbe9\" href=\"https:\/\/koreoutdoor.com\/wp-content\/uploads\/2024\/05\/Rapport-2023-signe.pdf\">Travail forc\u00e9 dans les cha\u00eenes d&#8217;approvisionnement canadiennes (projet de loi S-211) &#8211; Rapport annuel 2023<\/a><a href=\"https:\/\/koreoutdoor.com\/wp-content\/uploads\/2024\/05\/Rapport-2023-signe.pdf\" class=\"wp-block-file__button wp-element-button\" download aria-describedby=\"wp-block-file--media-113c207a-279e-4da8-abfa-5ebe9351dbe9\">Download<\/a><\/div>\n[\/vc_column_text][\/vc_column][\/vc_row]\n","protected":false},"excerpt":{"rendered":"<p>[vc_row type=&#8221;in_container&#8221; full_screen_row_position=&#8221;middle&#8221; column_margin=&#8221;default&#8221; column_direction=&#8221;default&#8221; column_direction_tablet=&#8221;default&#8221; column_direction_phone=&#8221;default&#8221; scene_position=&#8221;center&#8221; text_color=&#8221;dark&#8221; text_align=&#8221;left&#8221; row_border_radius=&#8221;none&#8221; row_border_radius_applies=&#8221;bg&#8221; overflow=&#8221;visible&#8221; overlay_strength=&#8221;0.3&#8243; gradient_direction=&#8221;left_to_right&#8221; shape_divider_position=&#8221;bottom&#8221; bg_image_animation=&#8221;none&#8221;][vc_column column_padding=&#8221;no-extra-padding&#8221; column_padding_tablet=&#8221;inherit&#8221; column_padding_phone=&#8221;inherit&#8221; column_padding_position=&#8221;all&#8221; column_element_direction_desktop=&#8221;default&#8221; column_element_spacing=&#8221;default&#8221; desktop_text_alignment=&#8221;default&#8221; tablet_text_alignment=&#8221;default&#8221; phone_text_alignment=&#8221;default&#8221; background_color_opacity=&#8221;1&#8243; background_hover_color_opacity=&#8221;1&#8243; column_backdrop_filter=&#8221;none&#8221; column_shadow=&#8221;none&#8221;&#8230;<\/p>\n","protected":false},"author":1,"featured_media":0,"parent":0,"menu_order":0,"comment_status":"closed","ping_status":"closed","template":"","meta":{"footnotes":""},"class_list":["post-2058","page","type-page","status-publish"],"yoast_head":"<!-- This site is optimized with the Yoast SEO plugin v27.0 - https:\/\/yoast.com\/product\/yoast-seo-wordpress\/ -->\n<title>Travail forc\u00e9 dans les cha\u00eenes d&#039;approvisionnement canadiennes (projet de loi S-211) - Kore Outdoor<\/title>\n<meta name=\"robots\" content=\"index, follow, max-snippet:-1, max-image-preview:large, max-video-preview:-1\" \/>\n<link rel=\"canonical\" href=\"http:\/\/3.21.32.42\/fr\/forced-labour-in-canadian-supply-chains-bill-s-211\/\" \/>\n<meta property=\"og:locale\" content=\"fr_FR\" \/>\n<meta property=\"og:type\" content=\"article\" \/>\n<meta property=\"og:title\" content=\"Travail forc\u00e9 dans les cha\u00eenes d&#039;approvisionnement canadiennes (projet de loi S-211) - Kore Outdoor\" \/>\n<meta property=\"og:description\" content=\"[vc_row type=&#8221;in_container&#8221; full_screen_row_position=&#8221;middle&#8221; column_margin=&#8221;default&#8221; column_direction=&#8221;default&#8221; column_direction_tablet=&#8221;default&#8221; column_direction_phone=&#8221;default&#8221; scene_position=&#8221;center&#8221; text_color=&#8221;dark&#8221; text_align=&#8221;left&#8221; row_border_radius=&#8221;none&#8221; row_border_radius_applies=&#8221;bg&#8221; overflow=&#8221;visible&#8221; overlay_strength=&#8221;0.3&#8243; gradient_direction=&#8221;left_to_right&#8221; shape_divider_position=&#8221;bottom&#8221; bg_image_animation=&#8221;none&#8221;][vc_column column_padding=&#8221;no-extra-padding&#8221; column_padding_tablet=&#8221;inherit&#8221; column_padding_phone=&#8221;inherit&#8221; column_padding_position=&#8221;all&#8221; column_element_direction_desktop=&#8221;default&#8221; column_element_spacing=&#8221;default&#8221; desktop_text_alignment=&#8221;default&#8221; tablet_text_alignment=&#8221;default&#8221; phone_text_alignment=&#8221;default&#8221; background_color_opacity=&#8221;1&#8243; background_hover_color_opacity=&#8221;1&#8243; column_backdrop_filter=&#8221;none&#8221; column_shadow=&#8221;none&#8221;...\" \/>\n<meta property=\"og:url\" content=\"http:\/\/3.21.32.42\/fr\/forced-labour-in-canadian-supply-chains-bill-s-211\/\" \/>\n<meta property=\"og:site_name\" content=\"Kore Outdoor\" \/>\n<meta property=\"article:modified_time\" content=\"2024-05-31T19:48:08+00:00\" \/>\n<meta name=\"twitter:card\" content=\"summary_large_image\" \/>\n<meta name=\"twitter:label1\" content=\"Dur\u00e9e de lecture estim\u00e9e\" \/>\n\t<meta name=\"twitter:data1\" content=\"1 minute\" \/>\n<script type=\"application\/ld+json\" class=\"yoast-schema-graph\">{\"@context\":\"https:\/\/schema.org\",\"@graph\":[{\"@type\":\"WebPage\",\"@id\":\"http:\/\/3.21.32.42\/fr\/forced-labour-in-canadian-supply-chains-bill-s-211\/\",\"url\":\"http:\/\/3.21.32.42\/fr\/forced-labour-in-canadian-supply-chains-bill-s-211\/\",\"name\":\"Travail forc\u00e9 dans les cha\u00eenes d'approvisionnement canadiennes (projet de loi S-211) - Kore Outdoor\",\"isPartOf\":{\"@id\":\"https:\/\/koreoutdoor.com\/#website\"},\"datePublished\":\"2024-05-31T19:27:08+00:00\",\"dateModified\":\"2024-05-31T19:48:08+00:00\",\"breadcrumb\":{\"@id\":\"http:\/\/3.21.32.42\/fr\/forced-labour-in-canadian-supply-chains-bill-s-211\/#breadcrumb\"},\"inLanguage\":\"fr-FR\",\"potentialAction\":[{\"@type\":\"ReadAction\",\"target\":[\"http:\/\/3.21.32.42\/fr\/forced-labour-in-canadian-supply-chains-bill-s-211\/\"]}]},{\"@type\":\"BreadcrumbList\",\"@id\":\"http:\/\/3.21.32.42\/fr\/forced-labour-in-canadian-supply-chains-bill-s-211\/#breadcrumb\",\"itemListElement\":[{\"@type\":\"ListItem\",\"position\":1,\"name\":\"Home\",\"item\":\"https:\/\/koreoutdoor.com\/fr\/\"},{\"@type\":\"ListItem\",\"position\":2,\"name\":\"Travail forc\u00e9 dans les cha\u00eenes d&#8217;approvisionnement canadiennes (projet de loi S-211)\"}]},{\"@type\":\"WebSite\",\"@id\":\"https:\/\/koreoutdoor.com\/#website\",\"url\":\"https:\/\/koreoutdoor.com\/\",\"name\":\"Kore Outdoor\",\"description\":\"Global Leader in manufacturing\",\"potentialAction\":[{\"@type\":\"SearchAction\",\"target\":{\"@type\":\"EntryPoint\",\"urlTemplate\":\"https:\/\/koreoutdoor.com\/?s={search_term_string}\"},\"query-input\":{\"@type\":\"PropertyValueSpecification\",\"valueRequired\":true,\"valueName\":\"search_term_string\"}}],\"inLanguage\":\"fr-FR\"}]}<\/script>\n<!-- \/ Yoast SEO plugin. -->","yoast_head_json":{"title":"Travail forc\u00e9 dans les cha\u00eenes d'approvisionnement canadiennes (projet de loi S-211) - Kore Outdoor","robots":{"index":"index","follow":"follow","max-snippet":"max-snippet:-1","max-image-preview":"max-image-preview:large","max-video-preview":"max-video-preview:-1"},"canonical":"http:\/\/3.21.32.42\/fr\/forced-labour-in-canadian-supply-chains-bill-s-211\/","og_locale":"fr_FR","og_type":"article","og_title":"Travail forc\u00e9 dans les cha\u00eenes d'approvisionnement canadiennes (projet de loi S-211) - Kore Outdoor","og_description":"[vc_row type=&#8221;in_container&#8221; full_screen_row_position=&#8221;middle&#8221; column_margin=&#8221;default&#8221; column_direction=&#8221;default&#8221; column_direction_tablet=&#8221;default&#8221; column_direction_phone=&#8221;default&#8221; scene_position=&#8221;center&#8221; text_color=&#8221;dark&#8221; text_align=&#8221;left&#8221; row_border_radius=&#8221;none&#8221; row_border_radius_applies=&#8221;bg&#8221; overflow=&#8221;visible&#8221; overlay_strength=&#8221;0.3&#8243; gradient_direction=&#8221;left_to_right&#8221; shape_divider_position=&#8221;bottom&#8221; bg_image_animation=&#8221;none&#8221;][vc_column column_padding=&#8221;no-extra-padding&#8221; column_padding_tablet=&#8221;inherit&#8221; column_padding_phone=&#8221;inherit&#8221; column_padding_position=&#8221;all&#8221; column_element_direction_desktop=&#8221;default&#8221; column_element_spacing=&#8221;default&#8221; desktop_text_alignment=&#8221;default&#8221; tablet_text_alignment=&#8221;default&#8221; phone_text_alignment=&#8221;default&#8221; background_color_opacity=&#8221;1&#8243; background_hover_color_opacity=&#8221;1&#8243; column_backdrop_filter=&#8221;none&#8221; column_shadow=&#8221;none&#8221;...","og_url":"http:\/\/3.21.32.42\/fr\/forced-labour-in-canadian-supply-chains-bill-s-211\/","og_site_name":"Kore Outdoor","article_modified_time":"2024-05-31T19:48:08+00:00","twitter_card":"summary_large_image","twitter_misc":{"Dur\u00e9e de lecture estim\u00e9e":"1 minute"},"schema":{"@context":"https:\/\/schema.org","@graph":[{"@type":"WebPage","@id":"http:\/\/3.21.32.42\/fr\/forced-labour-in-canadian-supply-chains-bill-s-211\/","url":"http:\/\/3.21.32.42\/fr\/forced-labour-in-canadian-supply-chains-bill-s-211\/","name":"Travail forc\u00e9 dans les cha\u00eenes d'approvisionnement canadiennes (projet de loi S-211) - Kore Outdoor","isPartOf":{"@id":"https:\/\/koreoutdoor.com\/#website"},"datePublished":"2024-05-31T19:27:08+00:00","dateModified":"2024-05-31T19:48:08+00:00","breadcrumb":{"@id":"http:\/\/3.21.32.42\/fr\/forced-labour-in-canadian-supply-chains-bill-s-211\/#breadcrumb"},"inLanguage":"fr-FR","potentialAction":[{"@type":"ReadAction","target":["http:\/\/3.21.32.42\/fr\/forced-labour-in-canadian-supply-chains-bill-s-211\/"]}]},{"@type":"BreadcrumbList","@id":"http:\/\/3.21.32.42\/fr\/forced-labour-in-canadian-supply-chains-bill-s-211\/#breadcrumb","itemListElement":[{"@type":"ListItem","position":1,"name":"Home","item":"https:\/\/koreoutdoor.com\/fr\/"},{"@type":"ListItem","position":2,"name":"Travail forc\u00e9 dans les cha\u00eenes d&#8217;approvisionnement canadiennes (projet de loi S-211)"}]},{"@type":"WebSite","@id":"https:\/\/koreoutdoor.com\/#website","url":"https:\/\/koreoutdoor.com\/","name":"Kore Outdoor","description":"Global Leader in manufacturing","potentialAction":[{"@type":"SearchAction","target":{"@type":"EntryPoint","urlTemplate":"https:\/\/koreoutdoor.com\/?s={search_term_string}"},"query-input":{"@type":"PropertyValueSpecification","valueRequired":true,"valueName":"search_term_string"}}],"inLanguage":"fr-FR"}]}},"_links":{"self":[{"href":"http:\/\/3.21.32.42\/fr\/wp-json\/wp\/v2\/pages\/2058","targetHints":{"allow":["GET"]}}],"collection":[{"href":"http:\/\/3.21.32.42\/fr\/wp-json\/wp\/v2\/pages"}],"about":[{"href":"http:\/\/3.21.32.42\/fr\/wp-json\/wp\/v2\/types\/page"}],"author":[{"embeddable":true,"href":"http:\/\/3.21.32.42\/fr\/wp-json\/wp\/v2\/users\/1"}],"replies":[{"embeddable":true,"href":"http:\/\/3.21.32.42\/fr\/wp-json\/wp\/v2\/comments?post=2058"}],"version-history":[{"count":0,"href":"http:\/\/3.21.32.42\/fr\/wp-json\/wp\/v2\/pages\/2058\/revisions"}],"wp:attachment":[{"href":"http:\/\/3.21.32.42\/fr\/wp-json\/wp\/v2\/media?parent=2058"}],"curies":[{"name":"wp","href":"https:\/\/api.w.org\/{rel}","templated":true}]}}