{"id":933,"date":"2021-09-15T14:51:14","date_gmt":"2021-09-15T18:51:14","guid":{"rendered":"https:\/\/koreoutdoor.com\/emplois\/"},"modified":"2022-10-27T13:05:18","modified_gmt":"2022-10-27T17:05:18","slug":"emplois","status":"publish","type":"page","link":"http:\/\/3.21.32.42\/fr\/emplois\/","title":{"rendered":"Emplois &#038; Carri\u00e8res"},"content":{"rendered":"[vc_row type=&#8221;full_width_background&#8221; full_screen_row_position=&#8221;middle&#8221; column_margin=&#8221;default&#8221; column_direction=&#8221;default&#8221; column_direction_tablet=&#8221;default&#8221; column_direction_phone=&#8221;default&#8221; bg_image=&#8221;16&#8243; bg_position=&#8221;left top&#8221; background_image_loading=&#8221;default&#8221; bg_repeat=&#8221;no-repeat&#8221; scene_position=&#8221;center&#8221; top_padding=&#8221;10%&#8221; bottom_padding=&#8221;10%&#8221; text_color=&#8221;dark&#8221; text_align=&#8221;left&#8221; row_border_radius=&#8221;none&#8221; row_border_radius_applies=&#8221;bg&#8221; overlay_strength=&#8221;0.95&#8243; gradient_direction=&#8221;left_to_right&#8221; shape_divider_position=&#8221;bottom&#8221; bg_image_animation=&#8221;none&#8221; shape_type=&#8221;&#8221;][vc_column column_padding=&#8221;no-extra-padding&#8221; column_padding_tablet=&#8221;inherit&#8221; column_padding_phone=&#8221;inherit&#8221; column_padding_position=&#8221;all&#8221; column_element_spacing=&#8221;default&#8221; background_color_opacity=&#8221;1&#8243; background_hover_color_opacity=&#8221;1&#8243; column_shadow=&#8221;none&#8221; column_border_radius=&#8221;none&#8221; column_link_target=&#8221;_self&#8221; gradient_direction=&#8221;left_to_right&#8221; overlay_strength=&#8221;0.3&#8243; width=&#8221;1\/1&#8243; tablet_width_inherit=&#8221;default&#8221; tablet_text_alignment=&#8221;default&#8221; phone_text_alignment=&#8221;default&#8221; bg_image_animation=&#8221;none&#8221; enable_animation=&#8221;true&#8221; animation=&#8221;fade-in-from-bottom&#8221; border_type=&#8221;simple&#8221; column_border_width=&#8221;none&#8221; column_border_style=&#8221;solid&#8221;][vc_row_inner column_margin=&#8221;default&#8221; column_direction=&#8221;default&#8221; column_direction_tablet=&#8221;default&#8221; column_direction_phone=&#8221;default&#8221; text_align=&#8221;left&#8221;][vc_column_inner column_padding=&#8221;no-extra-padding&#8221; column_padding_tablet=&#8221;inherit&#8221; column_padding_phone=&#8221;inherit&#8221; column_padding_position=&#8221;all&#8221; column_element_spacing=&#8221;default&#8221; centered_text=&#8221;true&#8221; background_color_opacity=&#8221;1&#8243; background_hover_color_opacity=&#8221;1&#8243; column_shadow=&#8221;none&#8221; column_border_radius=&#8221;none&#8221; column_link_target=&#8221;_self&#8221; gradient_direction=&#8221;left_to_right&#8221; overlay_strength=&#8221;0.3&#8243; width=&#8221;1\/1&#8243; tablet_width_inherit=&#8221;default&#8221; bg_image_animation=&#8221;none&#8221; enable_animation=&#8221;true&#8221; animation=&#8221;fade-in-from-bottom&#8221; border_type=&#8221;simple&#8221; column_border_width=&#8221;none&#8221; column_border_style=&#8221;solid&#8221;][vc_column_text css=&#8221;.vc_custom_1631731599731{margin-top: -8px !important;margin-bottom: -8px !important;}&#8221;]\n<h2>Offres d&#8217;emploi et de carri\u00e8re<\/h2>\n[\/vc_column_text][\/vc_column_inner][\/vc_row_inner][vc_row_inner content_placement=&#8221;middle&#8221; column_margin=&#8221;default&#8221; column_direction=&#8221;default&#8221; column_direction_tablet=&#8221;default&#8221; column_direction_phone=&#8221;default&#8221; text_align=&#8221;left&#8221; css=&#8221;.vc_custom_1631742840382{background-color: rgba(255,255,255,0.9) !important;*background-color: rgb(255,255,255) !important;}&#8221;][vc_column_inner column_padding=&#8221;no-extra-padding&#8221; column_padding_tablet=&#8221;inherit&#8221; column_padding_phone=&#8221;inherit&#8221; column_padding_position=&#8221;all&#8221; column_element_spacing=&#8221;default&#8221; background_color_opacity=&#8221;1&#8243; background_hover_color_opacity=&#8221;1&#8243; column_shadow=&#8221;none&#8221; column_border_radius=&#8221;none&#8221; column_link_target=&#8221;_self&#8221; gradient_direction=&#8221;left_to_right&#8221; overlay_strength=&#8221;0.3&#8243; width=&#8221;1\/4&#8243; tablet_width_inherit=&#8221;default&#8221; bg_image_animation=&#8221;none&#8221; border_type=&#8221;simple&#8221; column_border_width=&#8221;none&#8221; column_border_style=&#8221;solid&#8221;][\/vc_column_inner][vc_column_inner column_padding=&#8221;padding-3-percent&#8221; column_padding_tablet=&#8221;inherit&#8221; column_padding_phone=&#8221;inherit&#8221; column_padding_position=&#8221;all&#8221; column_element_spacing=&#8221;default&#8221; background_color_opacity=&#8221;1&#8243; background_hover_color_opacity=&#8221;1&#8243; column_shadow=&#8221;none&#8221; column_border_radius=&#8221;none&#8221; column_link_target=&#8221;_self&#8221; gradient_direction=&#8221;left_to_right&#8221; overlay_strength=&#8221;0.3&#8243; width=&#8221;1\/2&#8243; tablet_width_inherit=&#8221;default&#8221; bg_image_animation=&#8221;none&#8221; enable_animation=&#8221;true&#8221; animation=&#8221;fade-in-from-bottom&#8221; border_type=&#8221;simple&#8221; column_border_width=&#8221;none&#8221; column_border_style=&#8221;solid&#8221; delay=&#8221;50&#8243;][vc_custom_heading text=&#8221;Parmi les principaux fabricants mondiaux de l&#8217;industrie du paintball, Kore Outdoor est une entreprise dynamique qui \u00e9volue rapidement. Nous offrons des avantages sociaux et des salaires comp\u00e9titifs tout en offrant \u00e0 nos employ\u00e9s un environnement de travail diversifi\u00e9, s\u00e9curitaire et stimulant. Venez faire partie de l&#8217;\u00e9quipe de Kore Outdoor o\u00f9 vous pourrez acqu\u00e9rir de nouvelles comp\u00e9tences et commencer votre aventure vers un parcours professionnel passionnant.&#8221; font_container=&#8221;tag:p|text_align:center|color:rgba(10%2C10%2C10%2C0.65)&#8221; use_theme_fonts=&#8221;yes&#8221; css_animation=&#8221;none&#8221;][\/vc_column_inner][vc_column_inner column_padding=&#8221;no-extra-padding&#8221; column_padding_tablet=&#8221;inherit&#8221; column_padding_phone=&#8221;inherit&#8221; column_padding_position=&#8221;all&#8221; column_element_spacing=&#8221;default&#8221; background_color_opacity=&#8221;1&#8243; background_hover_color_opacity=&#8221;1&#8243; column_shadow=&#8221;none&#8221; column_border_radius=&#8221;none&#8221; column_link_target=&#8221;_self&#8221; gradient_direction=&#8221;left_to_right&#8221; overlay_strength=&#8221;0.3&#8243; width=&#8221;1\/4&#8243; tablet_width_inherit=&#8221;default&#8221; bg_image_animation=&#8221;none&#8221; border_type=&#8221;simple&#8221; column_border_width=&#8221;none&#8221; column_border_style=&#8221;solid&#8221;][\/vc_column_inner][\/vc_row_inner][vc_row_inner column_margin=&#8221;default&#8221; column_direction=&#8221;default&#8221; column_direction_tablet=&#8221;default&#8221; column_direction_phone=&#8221;default&#8221; text_align=&#8221;left&#8221; css=&#8221;.vc_custom_1631742544265{background-color: rgba(255,255,255,0.9) !important;*background-color: rgb(255,255,255) !important;}&#8221;][vc_column_inner column_padding=&#8221;no-extra-padding&#8221; column_padding_tablet=&#8221;inherit&#8221; column_padding_phone=&#8221;inherit&#8221; column_padding_position=&#8221;all&#8221; column_element_spacing=&#8221;default&#8221; background_color_opacity=&#8221;1&#8243; background_hover_color_opacity=&#8221;1&#8243; column_shadow=&#8221;none&#8221; column_border_radius=&#8221;none&#8221; column_link_target=&#8221;_self&#8221; gradient_direction=&#8221;left_to_right&#8221; overlay_strength=&#8221;0.3&#8243; width=&#8221;1\/1&#8243; tablet_width_inherit=&#8221;default&#8221; bg_image_animation=&#8221;none&#8221; enable_animation=&#8221;true&#8221; animation=&#8221;fade-in-from-bottom&#8221; border_type=&#8221;simple&#8221; column_border_width=&#8221;none&#8221; column_border_style=&#8221;solid&#8221;][nectar_horizontal_list_item columns=&#8221;3&#8243; column_layout_using_3_columns=&#8221;large_first&#8221; col_1_text_align=&#8221;left&#8221; col_2_text_align=&#8221;left&#8221; col_3_text_align=&#8221;right&#8221; col_1_text_element=&#8221;p&#8221; col_2_text_element=&#8221;p&#8221; col_3_text_element=&#8221;p&#8221; font_family=&#8221;h4&#8243; hover_effect=&#8221;default&#8221; hover_color=&#8221;extra-color-1&#8243; icon_family=&#8221;none&#8221; icon_size=&#8221;regular&#8221; col_1_content=&#8221;Op\u00e9rateur de machine d&#8217;encapsulation&#8221; col_2_content=&#8221;Montr\u00e9al, QC&#8221; cta_1_text=&#8221;Postulez maintenant&#8221; url=&#8221;https:\/\/koreoutdoor.com\/fr\/operateur-de-machine-dencapsulation\/&#8221;][nectar_horizontal_list_item columns=&#8221;3&#8243; column_layout_using_3_columns=&#8221;large_first&#8221; col_1_text_align=&#8221;left&#8221; col_2_text_align=&#8221;left&#8221; col_3_text_align=&#8221;right&#8221; col_1_text_element=&#8221;p&#8221; col_2_text_element=&#8221;p&#8221; col_3_text_element=&#8221;p&#8221; font_family=&#8221;h4&#8243; hover_effect=&#8221;default&#8221; hover_color=&#8221;extra-color-1&#8243; icon_family=&#8221;none&#8221; icon_size=&#8221;regular&#8221; col_1_content=&#8221;Pr\u00e9pos\u00e9 \u00e0 la Fabrication &#8211; Usine de Fabrication&#8221; col_2_content=&#8221;Montr\u00e9al, QC&#8221; cta_1_text=&#8221;Postulez maintenant&#8221; url=&#8221;https:\/\/koreoutdoor.com\/fr\/ouvrier-dentrepot-general\/&#8221;][nectar_horizontal_list_item columns=&#8221;3&#8243; column_layout_using_3_columns=&#8221;large_first&#8221; col_1_text_align=&#8221;left&#8221; col_2_text_align=&#8221;left&#8221; col_3_text_align=&#8221;right&#8221; col_1_text_element=&#8221;p&#8221; col_2_text_element=&#8221;p&#8221; col_3_text_element=&#8221;p&#8221; font_family=&#8221;h4&#8243; hover_effect=&#8221;default&#8221; hover_color=&#8221;extra-color-1&#8243; icon_family=&#8221;none&#8221; icon_size=&#8221;regular&#8221; col_1_content=&#8221;Pr\u00e9pos\u00e9 au Nettoyage \u2013 Usine de Production&#8221; col_2_content=&#8221;Montr\u00e9al, QC&#8221; cta_1_text=&#8221;Postulez maintenant&#8221; url=&#8221;https:\/\/koreoutdoor.com\/fr\/nettoyant-industriel\/&#8221;][nectar_horizontal_list_item columns=&#8221;3&#8243; column_layout_using_3_columns=&#8221;large_first&#8221; col_1_text_align=&#8221;left&#8221; col_2_text_align=&#8221;left&#8221; col_3_text_align=&#8221;right&#8221; col_1_text_element=&#8221;p&#8221; col_2_text_element=&#8221;p&#8221; col_3_text_element=&#8221;p&#8221; font_family=&#8221;h4&#8243; hover_effect=&#8221;default&#8221; hover_color=&#8221;extra-color-1&#8243; icon_family=&#8221;none&#8221; icon_size=&#8221;regular&#8221; col_1_content=&#8221;Pr\u00e9pos\u00e9 \u00e0 l&#8217;Emballage&#8221; col_2_content=&#8221;Montr\u00e9al, QC&#8221; cta_1_text=&#8221;Postulez maintenant&#8221; url=&#8221;https:\/\/koreoutdoor.com\/fr\/associe-en-charge-de-lemballage\/&#8221;][nectar_horizontal_list_item columns=&#8221;3&#8243; column_layout_using_3_columns=&#8221;large_first&#8221; col_1_text_align=&#8221;left&#8221; col_2_text_align=&#8221;left&#8221; col_3_text_align=&#8221;right&#8221; col_1_text_element=&#8221;p&#8221; col_2_text_element=&#8221;p&#8221; col_3_text_element=&#8221;p&#8221; font_family=&#8221;h4&#8243; hover_effect=&#8221;default&#8221; hover_color=&#8221;extra-color-1&#8243; icon_family=&#8221;none&#8221; icon_size=&#8221;regular&#8221; col_1_content=&#8221;Inspecteur CQ (Control Qualit\u00e9)&#8221; col_2_content=&#8221;Montr\u00e9al, QC&#8221; cta_1_text=&#8221;Postulez maintenant&#8221; url=&#8221;https:\/\/koreoutdoor.com\/fr\/inspecteur-cq\/&#8221;][\/vc_column_inner][\/vc_row_inner][\/vc_column][\/vc_row][vc_row type=&#8221;in_container&#8221; full_screen_row_position=&#8221;middle&#8221; column_margin=&#8221;default&#8221; column_direction=&#8221;default&#8221; column_direction_tablet=&#8221;default&#8221; column_direction_phone=&#8221;default&#8221; scene_position=&#8221;center&#8221; text_color=&#8221;dark&#8221; text_align=&#8221;left&#8221; row_border_radius=&#8221;none&#8221; row_border_radius_applies=&#8221;bg&#8221; disable_element=&#8221;yes&#8221; overlay_strength=&#8221;0.3&#8243; gradient_direction=&#8221;left_to_right&#8221; shape_divider_position=&#8221;bottom&#8221; bg_image_animation=&#8221;none&#8221; shape_type=&#8221;&#8221;][vc_column column_padding=&#8221;no-extra-padding&#8221; column_padding_tablet=&#8221;inherit&#8221; column_padding_phone=&#8221;inherit&#8221; column_padding_position=&#8221;all&#8221; column_element_spacing=&#8221;default&#8221; background_color_opacity=&#8221;1&#8243; background_hover_color_opacity=&#8221;1&#8243; column_shadow=&#8221;none&#8221; column_border_radius=&#8221;none&#8221; column_link_target=&#8221;_self&#8221; gradient_direction=&#8221;left_to_right&#8221; overlay_strength=&#8221;0.3&#8243; width=&#8221;1\/1&#8243; tablet_width_inherit=&#8221;default&#8221; tablet_text_alignment=&#8221;default&#8221; phone_text_alignment=&#8221;default&#8221; bg_image_animation=&#8221;none&#8221; border_type=&#8221;simple&#8221; column_border_width=&#8221;none&#8221; column_border_style=&#8221;solid&#8221;][nectar_horizontal_list_item columns=&#8221;3&#8243; column_layout_using_3_columns=&#8221;large_first&#8221; col_1_text_align=&#8221;left&#8221; col_2_text_align=&#8221;left&#8221; col_3_text_align=&#8221;right&#8221; col_1_text_element=&#8221;p&#8221; col_2_text_element=&#8221;p&#8221; col_3_text_element=&#8221;p&#8221; font_family=&#8221;h4&#8243; hover_effect=&#8221;default&#8221; hover_color=&#8221;extra-color-1&#8243; icon_family=&#8221;none&#8221; icon_size=&#8221;regular&#8221; col_1_content=&#8221;Technicien comptable &#8211; Contrat &#8211; Remplacement de cong\u00e9 de maternit\u00e9&#8221; col_2_content=&#8221;Montr\u00e9al, QC&#8221; cta_1_text=&#8221;Postulez maintenant&#8221; url=&#8221;https:\/\/koreoutdoor.com\/accounting-technician-contract-maternity-leave-replacement\/&#8221;][nectar_horizontal_list_item columns=&#8221;3&#8243; column_layout_using_3_columns=&#8221;large_first&#8221; col_1_text_align=&#8221;left&#8221; col_2_text_align=&#8221;left&#8221; col_3_text_align=&#8221;right&#8221; col_1_text_element=&#8221;p&#8221; col_2_text_element=&#8221;p&#8221; col_3_text_element=&#8221;p&#8221; font_family=&#8221;h4&#8243; hover_effect=&#8221;default&#8221; hover_color=&#8221;extra-color-1&#8243; icon_family=&#8221;none&#8221; icon_size=&#8221;regular&#8221; col_1_content=&#8221;Sp\u00e9cialiste du cr\u00e9dit&#8221; col_2_content=&#8221;Montr\u00e9al, QC&#8221; cta_1_text=&#8221;Postulez maintenant&#8221; url=&#8221;https:\/\/koreoutdoor.com\/job-application-credit-specialist\/&#8221;][nectar_horizontal_list_item columns=&#8221;3&#8243; column_layout_using_3_columns=&#8221;large_first&#8221; col_1_text_align=&#8221;left&#8221; col_2_text_align=&#8221;left&#8221; col_3_text_align=&#8221;right&#8221; col_1_text_element=&#8221;p&#8221; col_2_text_element=&#8221;p&#8221; col_3_text_element=&#8221;p&#8221; font_family=&#8221;h4&#8243; hover_effect=&#8221;default&#8221; hover_color=&#8221;extra-color-1&#8243; icon_family=&#8221;none&#8221; icon_size=&#8221;regular&#8221; col_1_content=&#8221;G\u00e9n\u00e9raliste RH&#8221; col_2_content=&#8221;Montr\u00e9al, QC&#8221; cta_1_text=&#8221;Postulez maintenant&#8221; url=&#8221;https:\/\/koreoutdoor.com\/hr-generalist\/&#8221;][\/vc_column][\/vc_row]\n","protected":false},"excerpt":{"rendered":"<p>[vc_row type=&#8221;full_width_background&#8221; full_screen_row_position=&#8221;middle&#8221; column_margin=&#8221;default&#8221; column_direction=&#8221;default&#8221; column_direction_tablet=&#8221;default&#8221; column_direction_phone=&#8221;default&#8221; bg_image=&#8221;16&#8243; bg_position=&#8221;left top&#8221; background_image_loading=&#8221;default&#8221; bg_repeat=&#8221;no-repeat&#8221; scene_position=&#8221;center&#8221; top_padding=&#8221;10%&#8221; bottom_padding=&#8221;10%&#8221; text_color=&#8221;dark&#8221; text_align=&#8221;left&#8221; row_border_radius=&#8221;none&#8221; row_border_radius_applies=&#8221;bg&#8221; overlay_strength=&#8221;0.95&#8243; gradient_direction=&#8221;left_to_right&#8221; shape_divider_position=&#8221;bottom&#8221; bg_image_animation=&#8221;none&#8221; shape_type=&#8221;&#8221;][vc_column column_padding=&#8221;no-extra-padding&#8221; column_padding_tablet=&#8221;inherit&#8221; column_padding_phone=&#8221;inherit&#8221; column_padding_position=&#8221;all&#8221; column_element_spacing=&#8221;default&#8221; background_color_opacity=&#8221;1&#8243;&#8230;<\/p>\n","protected":false},"author":1,"featured_media":0,"parent":0,"menu_order":0,"comment_status":"closed","ping_status":"closed","template":"","meta":{"footnotes":""},"class_list":["post-933","page","type-page","status-publish"],"yoast_head":"<!-- This site is optimized with the Yoast SEO plugin v27.0 - https:\/\/yoast.com\/product\/yoast-seo-wordpress\/ -->\n<title>Emplois &amp; Carri\u00e8res - Kore Outdoor<\/title>\n<meta name=\"robots\" content=\"index, follow, max-snippet:-1, max-image-preview:large, max-video-preview:-1\" \/>\n<link rel=\"canonical\" href=\"http:\/\/3.21.32.42\/fr\/emplois\/\" \/>\n<meta property=\"og:locale\" content=\"fr_FR\" \/>\n<meta property=\"og:type\" content=\"article\" \/>\n<meta property=\"og:title\" content=\"Emplois &amp; Carri\u00e8res - Kore Outdoor\" \/>\n<meta property=\"og:description\" content=\"[vc_row type=&#8221;full_width_background&#8221; full_screen_row_position=&#8221;middle&#8221; column_margin=&#8221;default&#8221; column_direction=&#8221;default&#8221; column_direction_tablet=&#8221;default&#8221; column_direction_phone=&#8221;default&#8221; bg_image=&#8221;16&#8243; bg_position=&#8221;left top&#8221; background_image_loading=&#8221;default&#8221; bg_repeat=&#8221;no-repeat&#8221; scene_position=&#8221;center&#8221; top_padding=&#8221;10%&#8221; bottom_padding=&#8221;10%&#8221; text_color=&#8221;dark&#8221; text_align=&#8221;left&#8221; row_border_radius=&#8221;none&#8221; row_border_radius_applies=&#8221;bg&#8221; overlay_strength=&#8221;0.95&#8243; gradient_direction=&#8221;left_to_right&#8221; shape_divider_position=&#8221;bottom&#8221; bg_image_animation=&#8221;none&#8221; shape_type=&#8221;&#8221;][vc_column column_padding=&#8221;no-extra-padding&#8221; column_padding_tablet=&#8221;inherit&#8221; column_padding_phone=&#8221;inherit&#8221; column_padding_position=&#8221;all&#8221; column_element_spacing=&#8221;default&#8221; background_color_opacity=&#8221;1&#8243;...\" \/>\n<meta property=\"og:url\" content=\"http:\/\/3.21.32.42\/fr\/emplois\/\" \/>\n<meta property=\"og:site_name\" content=\"Kore Outdoor\" \/>\n<meta property=\"article:modified_time\" content=\"2022-10-27T17:05:18+00:00\" \/>\n<meta name=\"twitter:card\" content=\"summary_large_image\" \/>\n<meta name=\"twitter:label1\" content=\"Dur\u00e9e de lecture estim\u00e9e\" \/>\n\t<meta name=\"twitter:data1\" content=\"3 minutes\" \/>\n<script type=\"application\/ld+json\" class=\"yoast-schema-graph\">{\"@context\":\"https:\/\/schema.org\",\"@graph\":[{\"@type\":\"WebPage\",\"@id\":\"http:\/\/3.21.32.42\/fr\/emplois\/\",\"url\":\"http:\/\/3.21.32.42\/fr\/emplois\/\",\"name\":\"Emplois & Carri\u00e8res - Kore Outdoor\",\"isPartOf\":{\"@id\":\"https:\/\/koreoutdoor.com\/#website\"},\"datePublished\":\"2021-09-15T18:51:14+00:00\",\"dateModified\":\"2022-10-27T17:05:18+00:00\",\"breadcrumb\":{\"@id\":\"http:\/\/3.21.32.42\/fr\/emplois\/#breadcrumb\"},\"inLanguage\":\"fr-FR\",\"potentialAction\":[{\"@type\":\"ReadAction\",\"target\":[\"http:\/\/3.21.32.42\/fr\/emplois\/\"]}]},{\"@type\":\"BreadcrumbList\",\"@id\":\"http:\/\/3.21.32.42\/fr\/emplois\/#breadcrumb\",\"itemListElement\":[{\"@type\":\"ListItem\",\"position\":1,\"name\":\"Home\",\"item\":\"https:\/\/koreoutdoor.com\/fr\/\"},{\"@type\":\"ListItem\",\"position\":2,\"name\":\"Emplois &#038; Carri\u00e8res\"}]},{\"@type\":\"WebSite\",\"@id\":\"https:\/\/koreoutdoor.com\/#website\",\"url\":\"https:\/\/koreoutdoor.com\/\",\"name\":\"Kore Outdoor\",\"description\":\"Global Leader in manufacturing\",\"potentialAction\":[{\"@type\":\"SearchAction\",\"target\":{\"@type\":\"EntryPoint\",\"urlTemplate\":\"https:\/\/koreoutdoor.com\/?s={search_term_string}\"},\"query-input\":{\"@type\":\"PropertyValueSpecification\",\"valueRequired\":true,\"valueName\":\"search_term_string\"}}],\"inLanguage\":\"fr-FR\"}]}<\/script>\n<!-- \/ Yoast SEO plugin. -->","yoast_head_json":{"title":"Emplois & Carri\u00e8res - Kore Outdoor","robots":{"index":"index","follow":"follow","max-snippet":"max-snippet:-1","max-image-preview":"max-image-preview:large","max-video-preview":"max-video-preview:-1"},"canonical":"http:\/\/3.21.32.42\/fr\/emplois\/","og_locale":"fr_FR","og_type":"article","og_title":"Emplois & Carri\u00e8res - Kore Outdoor","og_description":"[vc_row type=&#8221;full_width_background&#8221; full_screen_row_position=&#8221;middle&#8221; column_margin=&#8221;default&#8221; column_direction=&#8221;default&#8221; column_direction_tablet=&#8221;default&#8221; column_direction_phone=&#8221;default&#8221; bg_image=&#8221;16&#8243; bg_position=&#8221;left top&#8221; background_image_loading=&#8221;default&#8221; bg_repeat=&#8221;no-repeat&#8221; scene_position=&#8221;center&#8221; top_padding=&#8221;10%&#8221; bottom_padding=&#8221;10%&#8221; text_color=&#8221;dark&#8221; text_align=&#8221;left&#8221; row_border_radius=&#8221;none&#8221; row_border_radius_applies=&#8221;bg&#8221; overlay_strength=&#8221;0.95&#8243; gradient_direction=&#8221;left_to_right&#8221; shape_divider_position=&#8221;bottom&#8221; bg_image_animation=&#8221;none&#8221; shape_type=&#8221;&#8221;][vc_column column_padding=&#8221;no-extra-padding&#8221; column_padding_tablet=&#8221;inherit&#8221; column_padding_phone=&#8221;inherit&#8221; column_padding_position=&#8221;all&#8221; column_element_spacing=&#8221;default&#8221; background_color_opacity=&#8221;1&#8243;...","og_url":"http:\/\/3.21.32.42\/fr\/emplois\/","og_site_name":"Kore Outdoor","article_modified_time":"2022-10-27T17:05:18+00:00","twitter_card":"summary_large_image","twitter_misc":{"Dur\u00e9e de lecture estim\u00e9e":"3 minutes"},"schema":{"@context":"https:\/\/schema.org","@graph":[{"@type":"WebPage","@id":"http:\/\/3.21.32.42\/fr\/emplois\/","url":"http:\/\/3.21.32.42\/fr\/emplois\/","name":"Emplois & Carri\u00e8res - Kore Outdoor","isPartOf":{"@id":"https:\/\/koreoutdoor.com\/#website"},"datePublished":"2021-09-15T18:51:14+00:00","dateModified":"2022-10-27T17:05:18+00:00","breadcrumb":{"@id":"http:\/\/3.21.32.42\/fr\/emplois\/#breadcrumb"},"inLanguage":"fr-FR","potentialAction":[{"@type":"ReadAction","target":["http:\/\/3.21.32.42\/fr\/emplois\/"]}]},{"@type":"BreadcrumbList","@id":"http:\/\/3.21.32.42\/fr\/emplois\/#breadcrumb","itemListElement":[{"@type":"ListItem","position":1,"name":"Home","item":"https:\/\/koreoutdoor.com\/fr\/"},{"@type":"ListItem","position":2,"name":"Emplois &#038; Carri\u00e8res"}]},{"@type":"WebSite","@id":"https:\/\/koreoutdoor.com\/#website","url":"https:\/\/koreoutdoor.com\/","name":"Kore Outdoor","description":"Global Leader in manufacturing","potentialAction":[{"@type":"SearchAction","target":{"@type":"EntryPoint","urlTemplate":"https:\/\/koreoutdoor.com\/?s={search_term_string}"},"query-input":{"@type":"PropertyValueSpecification","valueRequired":true,"valueName":"search_term_string"}}],"inLanguage":"fr-FR"}]}},"_links":{"self":[{"href":"http:\/\/3.21.32.42\/fr\/wp-json\/wp\/v2\/pages\/933","targetHints":{"allow":["GET"]}}],"collection":[{"href":"http:\/\/3.21.32.42\/fr\/wp-json\/wp\/v2\/pages"}],"about":[{"href":"http:\/\/3.21.32.42\/fr\/wp-json\/wp\/v2\/types\/page"}],"author":[{"embeddable":true,"href":"http:\/\/3.21.32.42\/fr\/wp-json\/wp\/v2\/users\/1"}],"replies":[{"embeddable":true,"href":"http:\/\/3.21.32.42\/fr\/wp-json\/wp\/v2\/comments?post=933"}],"version-history":[{"count":0,"href":"http:\/\/3.21.32.42\/fr\/wp-json\/wp\/v2\/pages\/933\/revisions"}],"wp:attachment":[{"href":"http:\/\/3.21.32.42\/fr\/wp-json\/wp\/v2\/media?parent=933"}],"curies":[{"name":"wp","href":"https:\/\/api.w.org\/{rel}","templated":true}]}}