{"id":958,"date":"2021-04-27T17:45:38","date_gmt":"2021-04-27T21:45:38","guid":{"rendered":"https:\/\/koreoutdoor.com\/conditions-dutilisation\/"},"modified":"2021-04-27T17:45:38","modified_gmt":"2021-04-27T21:45:38","slug":"conditions-dutilisation","status":"publish","type":"page","link":"http:\/\/3.21.32.42\/fr\/conditions-dutilisation\/","title":{"rendered":"Conditions d&#8217;utilisation"},"content":{"rendered":"<h1>Conditions d&#8217;utilisation<\/h1>\n<h3>Commandes par carte de cr\u00e9dit<\/h3>\n<p>Avec le service d&#8217;achat Empire Paintball, vous pouvez utiliser American Express, Discover, Visa et MasterCard pour des commandes \u00e0 destination de presque tous les pays du monde. Lorsque vous utilisez votre carte de cr\u00e9dit, veuillez fournir l&#8217;adresse de facturation de votre carte de cr\u00e9dit, si elle est diff\u00e9rente de l&#8217;adresse de livraison, ainsi que les num\u00e9ros de t\u00e9l\u00e9phone du jour et de la nuit. Si l&#8217;adresse de facturation que vous nous communiquez ne correspond pas \u00e0 celle qui figure dans le dossier de l&#8217;institution financi\u00e8re, ou si l&#8217;autorisation n&#8217;est pas donn\u00e9e pour quelque raison que ce soit, nous nous r\u00e9servons le droit d&#8217;annuler la commande sans notification. Nous ne pouvons pas r\u00e9gler les probl\u00e8mes de carte de cr\u00e9dit avec l&#8217;institution financi\u00e8re ; vous devez r\u00e9gler les probl\u00e8mes avec elle et repasser commande une fois le probl\u00e8me r\u00e9solu.<\/p>\n<h3>Commandes COD<\/h3>\n<p>Les commandes contre remboursement ne sont pas accept\u00e9es.<\/p>\n<h3>Bons de commande<\/h3>\n<p>Les commandes institutionnelles (arm\u00e9e, gouvernement, \u00e9coles et universit\u00e9s) ne sont pas accept\u00e9es pour le moment.<\/p>\n<h3>Cr\u00e9dits et soldes dus<\/h3>\n<p>Tout cr\u00e9dit sur votre compte chez nous sera rembours\u00e9 rapidement. Nous utiliserons la m\u00eame m\u00e9thode de remboursement que celle utilis\u00e9e lorsque vous avez pass\u00e9 la commande. Par exemple, si la commande a \u00e9t\u00e9 pay\u00e9e par carte de cr\u00e9dit, nous cr\u00e9diterons le compte de votre carte de cr\u00e9dit.<\/p>\n<h3>Commandes en attente<\/h3>\n<p>La nature unique du service Empire Paintball fait qu&#8217;il est peu probable que les produits que vous d\u00e9sirez ne soient pas exp\u00e9di\u00e9s rapidement parce qu&#8217;ils sont en rupture de stock. Si votre commande ne peut \u00eatre exp\u00e9di\u00e9e dans un d\u00e9lai d&#8217;une semaine \u00e0 compter du moment o\u00f9 vous l&#8217;avez pass\u00e9e, vous en serez g\u00e9n\u00e9ralement inform\u00e9 par courrier \u00e9lectronique.<\/p>\n<h3>Commandes canadiennes et internationales<\/h3>\n<p>Nous ne falsifierons en aucun cas les factures ou les \u00e9tiquettes d&#8217;exp\u00e9dition. Si votre pays ne figure pas parmi les options propos\u00e9es lors du processus de commande, nous ne pouvons pas l&#8217;exp\u00e9dier. V\u00e9rifiez les notes d&#8217;exp\u00e9dition d&#8217;un produit pendant que vous faites vos achats pour conna\u00eetre les \u00e9ventuelles restrictions d&#8217;exp\u00e9dition pour des produits particuliers.<\/p>\n<h3>Adresses APO et FPO<\/h3>\n<p>Lorsque vous demandez que les commandes soient exp\u00e9di\u00e9es \u00e0 une adresse APO ou FPO, votre colis sera exp\u00e9di\u00e9 en SAM (Space Available Mail). SAM n&#8217;entra\u00eene pas de frais suppl\u00e9mentaires et exp\u00e9die votre colis depuis l&#8217;adresse APO ou FPO par le prochain bateau disponible.<\/p>\n<h3>Retour de la marchandise<\/h3>\n<p>Lorsque vous recevez votre commande, conservez toujours les documents qui l&#8217;accompagnent au cas o\u00f9 vous souhaiteriez retourner ou \u00e9changer un article. Conservez \u00e9galement tous les courriels que vous recevez au sujet de votre commande, car ils peuvent fournir des informations importantes.<\/p>\n<p>Une autorisation de retour de marchandise (RMA) est n\u00e9cessaire pour tous les retours. Vous pouvez demander un RMA en ligne, ou vous pouvez appeler l&#8217;exp\u00e9diteur de la marchandise ou Empire Paintball et ils vous en d\u00e9livreront un. Les retours ne peuvent \u00eatre demand\u00e9s que dans les 30 jours suivant la date d&#8217;exp\u00e9dition du produit. Les frais d&#8217;exp\u00e9dition ne seront pas rembours\u00e9s.<\/p>\n<p>Les articles retourn\u00e9s doivent \u00eatre dans leur emballage d&#8217;origine et dans un \u00e9tat neuf, sinon ils seront rejet\u00e9s et vous seront renvoy\u00e9s. Certains magasins peuvent avoir des variations par rapport \u00e0 cette politique. Consultez la politique de retour de la boutique en ligne ou contactez Empire Paintball si vous avez des questions.<\/p>\n<p>Votre commande doit \u00eatre retourn\u00e9e \u00e0 l&#8217;exp\u00e9diteur marchand afin de recevoir un cr\u00e9dit de produit complet, vos frais d&#8217;exp\u00e9dition ne seront pas rembours\u00e9s. Contactez l&#8217;exp\u00e9diteur marchand pour obtenir de l&#8217;aide ou de l&#8217;assistance pour traiter un retour.<\/p>\n<p>Le retour de la marchandise sera accept\u00e9 dans les 30 jours suivant la r\u00e9ception. La marchandise doit \u00eatre dans un \u00e9tat neuf et non utilis\u00e9 et dans son emballage d&#8217;origine.<\/p>\n<p>&gt;Des frais de r\u00e9approvisionnement peuvent s&#8217;appliquer aux articles retourn\u00e9s ou aux articles qui ont \u00e9t\u00e9 annul\u00e9s d&#8217;une commande apr\u00e8s qu&#8217;elle a \u00e9t\u00e9 attribu\u00e9e \u00e0 un lieu d&#8217;ex\u00e9cution. Si des frais de restockage s&#8217;appliquent \u00e0 une commande, ils seront indiqu\u00e9s sur l&#8217;\u00e9cran final de la caisse avant que vous ne terminiez votre commande.<\/p>\n<h3>Retours d\u00e9fectueux<\/h3>\n<p>Si l&#8217;article que vous souhaitez retourner est inop\u00e9rant mais ne pr\u00e9sente aucun dommage apparent, il est consid\u00e9r\u00e9 comme d\u00e9fectueux. Si vous recevez une marchandise d\u00e9fectueuse, veuillez appeler Empire Paintball pour obtenir de l&#8217;aide.<\/p>\n<h3>Retours endommag\u00e9s<\/h3>\n<p>Les marchandises endommag\u00e9es comprennent les articles qui ont \u00e9t\u00e9 endommag\u00e9s lors de l&#8217;exp\u00e9dition. Si un envoi arrive \u00e0 votre porte avec des dommages de transport \u00e9vidents, veuillez refuser la livraison. Si vous avez d\u00e9j\u00e0 accept\u00e9 la livraison et que vous constatez ensuite des dommages li\u00e9s \u00e0 l&#8217;exp\u00e9dition, veuillez appeler imm\u00e9diatement l&#8217;exp\u00e9diteur marchand. Vous trouverez les coordonn\u00e9es de l&#8217;exp\u00e9diteur marchand dans la bo\u00eete du produit.<\/p>\n<p>Si vous recevez une marchandise endommag\u00e9e, veuillez conserver tous les mat\u00e9riaux d&#8217;emballage et les documents &#8211; ne jetez rien ! Si vous tentez de retourner la marchandise vous-m\u00eame, vous compromettez nos chances de faire une r\u00e9clamation et vous risquez de ne pas recevoir de cr\u00e9dit pour le retour.<\/p>\n<h3>Questions ou modifications relatives aux commandes<\/h3>\n<p>Si vous avez r\u00e9cemment pass\u00e9 une commande via le service d&#8217;achat Empire Paintball et que vous avez besoin d&#8217;informations \u00e0 ce sujet ou que vous souhaitez la modifier, il existe plusieurs fa\u00e7ons de nous contacter. Comme nous commen\u00e7ons \u00e0 traiter votre commande imm\u00e9diatement apr\u00e8s l&#8217;avoir re\u00e7ue, les modifications ne sont g\u00e9n\u00e9ralement pas possibles.<\/p>\n<p>Vous pouvez nous contacter par courriel \u00e0&nbsp;support@EmpirePaintball.com&nbsp;ou appelez-nous au (877) 412-7467.<\/p>\n<h3>Les limites de la responsabilit\u00e9<\/h3>\n<p>Nous n&#8217;acceptons aucune responsabilit\u00e9 pour les dommages caus\u00e9s par l&#8217;utilisateur et\/ou la perte de pi\u00e8ces pendant le fonctionnement ou l&#8217;utilisation du produit.<\/p>\n<h3>Indemnisation<\/h3>\n<p>Vous acceptez d&#8217;indemniser, de d\u00e9fendre et de d\u00e9gager Empire Paintball, ses soci\u00e9t\u00e9s affili\u00e9es, ses dirigeants, directeurs, employ\u00e9s, consultants et agents de toute r\u00e9clamation, responsabilit\u00e9 (y compris la responsabilit\u00e9 du fait des produits), dommages et\/ou co\u00fbts (y compris, mais sans s&#8217;y limiter, les honoraires d&#8217;avocat) r\u00e9sultant de votre utilisation de l&#8217;un des services d&#8217;Empire Paintball.<\/p>\n<h3>Changements de prix et\/ou de description<\/h3>\n<p>Tous les prix, images et descriptions de ce site sont susceptibles d&#8217;\u00eatre modifi\u00e9s. Nous ne sommes pas responsables des erreurs commises par inadvertance. Veuillez nous contacter dans un d\u00e9lai de 30 jours pour toute diff\u00e9rence de prix ou de promotion.<\/p>\n<p>Lorsque vous passez votre commande chez nous, vous acceptez les prix et les conditions indiqu\u00e9s sur notre site web. Les diff\u00e9rences de prix li\u00e9es aux prix futurs ou pass\u00e9s dans notre magasin ou dans tout autre magasin ne sont pas remboursables.<\/p>\n","protected":false},"excerpt":{"rendered":"<p>Conditions d&#8217;utilisation Commandes par carte de cr\u00e9dit Avec le service d&#8217;achat Empire Paintball, vous pouvez utiliser American Express, Discover, Visa et MasterCard pour des commandes \u00e0 destination de presque tous&#8230;<\/p>\n","protected":false},"author":1,"featured_media":0,"parent":0,"menu_order":0,"comment_status":"closed","ping_status":"closed","template":"","meta":{"footnotes":""},"class_list":["post-958","page","type-page","status-publish"],"yoast_head":"<!-- This site is optimized with the Yoast SEO plugin v27.0 - https:\/\/yoast.com\/product\/yoast-seo-wordpress\/ -->\n<title>Conditions d&#039;utilisation - Kore Outdoor<\/title>\n<meta name=\"robots\" content=\"index, follow, max-snippet:-1, max-image-preview:large, max-video-preview:-1\" \/>\n<link rel=\"canonical\" href=\"http:\/\/3.21.32.42\/fr\/conditions-dutilisation\/\" \/>\n<meta property=\"og:locale\" content=\"fr_FR\" \/>\n<meta property=\"og:type\" content=\"article\" \/>\n<meta property=\"og:title\" content=\"Conditions d&#039;utilisation - Kore Outdoor\" \/>\n<meta property=\"og:description\" content=\"Conditions d&#8217;utilisation Commandes par carte de cr\u00e9dit Avec le service d&#8217;achat Empire Paintball, vous pouvez utiliser American Express, Discover, Visa et MasterCard pour des commandes \u00e0 destination de presque tous...\" \/>\n<meta property=\"og:url\" content=\"http:\/\/3.21.32.42\/fr\/conditions-dutilisation\/\" \/>\n<meta property=\"og:site_name\" content=\"Kore Outdoor\" \/>\n<meta name=\"twitter:card\" content=\"summary_large_image\" \/>\n<meta name=\"twitter:label1\" content=\"Dur\u00e9e de lecture estim\u00e9e\" \/>\n\t<meta name=\"twitter:data1\" content=\"6 minutes\" \/>\n<script type=\"application\/ld+json\" class=\"yoast-schema-graph\">{\"@context\":\"https:\/\/schema.org\",\"@graph\":[{\"@type\":\"WebPage\",\"@id\":\"http:\/\/3.21.32.42\/fr\/conditions-dutilisation\/\",\"url\":\"http:\/\/3.21.32.42\/fr\/conditions-dutilisation\/\",\"name\":\"Conditions d'utilisation - Kore Outdoor\",\"isPartOf\":{\"@id\":\"https:\/\/koreoutdoor.com\/#website\"},\"datePublished\":\"2021-04-27T21:45:38+00:00\",\"breadcrumb\":{\"@id\":\"http:\/\/3.21.32.42\/fr\/conditions-dutilisation\/#breadcrumb\"},\"inLanguage\":\"fr-FR\",\"potentialAction\":[{\"@type\":\"ReadAction\",\"target\":[\"http:\/\/3.21.32.42\/fr\/conditions-dutilisation\/\"]}]},{\"@type\":\"BreadcrumbList\",\"@id\":\"http:\/\/3.21.32.42\/fr\/conditions-dutilisation\/#breadcrumb\",\"itemListElement\":[{\"@type\":\"ListItem\",\"position\":1,\"name\":\"Home\",\"item\":\"https:\/\/koreoutdoor.com\/fr\/\"},{\"@type\":\"ListItem\",\"position\":2,\"name\":\"Conditions d&#8217;utilisation\"}]},{\"@type\":\"WebSite\",\"@id\":\"https:\/\/koreoutdoor.com\/#website\",\"url\":\"https:\/\/koreoutdoor.com\/\",\"name\":\"Kore Outdoor\",\"description\":\"Global Leader in manufacturing\",\"potentialAction\":[{\"@type\":\"SearchAction\",\"target\":{\"@type\":\"EntryPoint\",\"urlTemplate\":\"https:\/\/koreoutdoor.com\/?s={search_term_string}\"},\"query-input\":{\"@type\":\"PropertyValueSpecification\",\"valueRequired\":true,\"valueName\":\"search_term_string\"}}],\"inLanguage\":\"fr-FR\"}]}<\/script>\n<!-- \/ Yoast SEO plugin. -->","yoast_head_json":{"title":"Conditions d'utilisation - Kore Outdoor","robots":{"index":"index","follow":"follow","max-snippet":"max-snippet:-1","max-image-preview":"max-image-preview:large","max-video-preview":"max-video-preview:-1"},"canonical":"http:\/\/3.21.32.42\/fr\/conditions-dutilisation\/","og_locale":"fr_FR","og_type":"article","og_title":"Conditions d'utilisation - Kore Outdoor","og_description":"Conditions d&#8217;utilisation Commandes par carte de cr\u00e9dit Avec le service d&#8217;achat Empire Paintball, vous pouvez utiliser American Express, Discover, Visa et MasterCard pour des commandes \u00e0 destination de presque tous...","og_url":"http:\/\/3.21.32.42\/fr\/conditions-dutilisation\/","og_site_name":"Kore Outdoor","twitter_card":"summary_large_image","twitter_misc":{"Dur\u00e9e de lecture estim\u00e9e":"6 minutes"},"schema":{"@context":"https:\/\/schema.org","@graph":[{"@type":"WebPage","@id":"http:\/\/3.21.32.42\/fr\/conditions-dutilisation\/","url":"http:\/\/3.21.32.42\/fr\/conditions-dutilisation\/","name":"Conditions d'utilisation - Kore Outdoor","isPartOf":{"@id":"https:\/\/koreoutdoor.com\/#website"},"datePublished":"2021-04-27T21:45:38+00:00","breadcrumb":{"@id":"http:\/\/3.21.32.42\/fr\/conditions-dutilisation\/#breadcrumb"},"inLanguage":"fr-FR","potentialAction":[{"@type":"ReadAction","target":["http:\/\/3.21.32.42\/fr\/conditions-dutilisation\/"]}]},{"@type":"BreadcrumbList","@id":"http:\/\/3.21.32.42\/fr\/conditions-dutilisation\/#breadcrumb","itemListElement":[{"@type":"ListItem","position":1,"name":"Home","item":"https:\/\/koreoutdoor.com\/fr\/"},{"@type":"ListItem","position":2,"name":"Conditions d&#8217;utilisation"}]},{"@type":"WebSite","@id":"https:\/\/koreoutdoor.com\/#website","url":"https:\/\/koreoutdoor.com\/","name":"Kore Outdoor","description":"Global Leader in manufacturing","potentialAction":[{"@type":"SearchAction","target":{"@type":"EntryPoint","urlTemplate":"https:\/\/koreoutdoor.com\/?s={search_term_string}"},"query-input":{"@type":"PropertyValueSpecification","valueRequired":true,"valueName":"search_term_string"}}],"inLanguage":"fr-FR"}]}},"_links":{"self":[{"href":"http:\/\/3.21.32.42\/fr\/wp-json\/wp\/v2\/pages\/958","targetHints":{"allow":["GET"]}}],"collection":[{"href":"http:\/\/3.21.32.42\/fr\/wp-json\/wp\/v2\/pages"}],"about":[{"href":"http:\/\/3.21.32.42\/fr\/wp-json\/wp\/v2\/types\/page"}],"author":[{"embeddable":true,"href":"http:\/\/3.21.32.42\/fr\/wp-json\/wp\/v2\/users\/1"}],"replies":[{"embeddable":true,"href":"http:\/\/3.21.32.42\/fr\/wp-json\/wp\/v2\/comments?post=958"}],"version-history":[{"count":0,"href":"http:\/\/3.21.32.42\/fr\/wp-json\/wp\/v2\/pages\/958\/revisions"}],"wp:attachment":[{"href":"http:\/\/3.21.32.42\/fr\/wp-json\/wp\/v2\/media?parent=958"}],"curies":[{"name":"wp","href":"https:\/\/api.w.org\/{rel}","templated":true}]}}